{"id":88,"date":"2025-05-20T23:45:22","date_gmt":"2025-05-20T23:45:22","guid":{"rendered":"https:\/\/aloeamigo.com\/?page_id=88"},"modified":"2025-11-07T01:37:19","modified_gmt":"2025-11-07T01:37:19","slug":"salud-y-bienestar","status":"publish","type":"page","link":"https:\/\/aloeamigo.com\/index.php\/salud-y-bienestar\/","title":{"rendered":"Salud y bienestar"},"content":{"rendered":"\n<p>Si est\u00e1s leyendo esto es porque <strong>te interesa tu salud y tu bienestar<\/strong>. Debes saber que esto no es s\u00f3lo para ti, tambi\u00e9n vale <strong>para tus mascotas: perros, gatos<\/strong>, incluso caballos.<\/p>\n\n\n\n<p>Si ya sabes lo que quieres, puedes ir directamente a la tienda.<\/p>\n\n\n\n<div class=\"wp-block-uagb-buttons uagb-buttons__outer-wrap uagb-btn__default-btn uagb-btn-tablet__default-btn uagb-btn-mobile__default-btn uagb-block-b5b21466\"><div class=\"uagb-buttons__wrap uagb-buttons-layout-wrap \">\n<div class=\"wp-block-uagb-buttons-child uagb-buttons__outer-wrap uagb-block-392c3128 wp-block-button\"><div class=\"uagb-button__wrapper\"><a class=\"uagb-buttons-repeater wp-block-button__link\" aria-label=\"\" href=\"https:\/\/www.foreverliving.es\/ref\/340000604176\" rel=\"follow noopener\" target=\"_blank\" role=\"button\"><div class=\"uagb-button__link\">Entra en la tienda<\/div><\/a><\/div><\/div>\n\n\n\n<div class=\"wp-block-uagb-buttons-child uagb-buttons__outer-wrap uagb-block-837a5e7f wp-block-button\"><div class=\"uagb-button__wrapper\"><a class=\"uagb-buttons-repeater wp-block-button__link\" aria-label=\"\" href=\"https:\/\/uneteaforever.es\/\/ref\/340000604176\" rel=\"follow noopener\" target=\"_blank\" role=\"button\"><div class=\"uagb-button__link\">Comprar con 5% descuento<\/div><\/a><\/div><\/div>\n<\/div><\/div>\n\n\n\n<p>Tambi\u00e9n puedo ofrecerte <strong>opciones personalizadas<\/strong> para lo que quieres.<\/p>\n\n\n\n<p><strong>\u00bfQu\u00e9 te ofrezco?<\/strong><\/p>\n\n\n\n<ul class=\"wp-block-list\">\n<li>Mi&nbsp;<strong>asesoramiento, gu\u00eda y acompa\u00f1amiento<\/strong>&nbsp;para que puedas obtener lo que quieres y dejar ir lo que no quieres<\/li>\n\n\n\n<li>Productos de <strong>primera calidad<\/strong>, certificados y eficaces<\/li>\n\n\n\n<li><strong>La mejor bebida de Aloe Vera bio<\/strong>&nbsp;estabilizada, con todas sus propiedades \u00edntegras, para que funcione<\/li>\n\n\n\n<li>Programas&nbsp;<strong>Detox y de reducci\u00f3n de peso<\/strong><\/li>\n\n\n\n<li>Complementos para tu&nbsp;<strong>salud integral, energ\u00eda, vitalidad y metabolismo<\/strong><\/li>\n\n\n\n<li>Suplementos para incrementar el&nbsp;<strong>rendimiento deportivo<\/strong><\/li>\n\n\n\n<li>Potenciadores de tu&nbsp;<strong>sistema inmune<\/strong><\/li>\n\n\n\n<li>Productos&nbsp;para el cuidado de tu&nbsp;<strong>piel, de tu cara y de tu cabello<\/strong><\/li>\n\n\n\n<li>Productos de&nbsp;<strong>higiene personal<\/strong>&nbsp;que te cuidan, los que usas cada d\u00eda (dent\u00edfrico sin fl\u00faor, desodorante sin aluminio, etc.)<\/li>\n\n\n\n<li>Programas de&nbsp;<strong>nutrici\u00f3n avanzada<\/strong>&nbsp;para equilibrar tu cuerpo en 30 d\u00edas con las \u00ab5 saludes\u00bb: cerebro, coraz\u00f3n, h\u00edgado, intestino e inmunidad<\/li>\n<\/ul>\n\n\n\n<p>Cons\u00faltame lo que quieres y hablamos para ver las distintas posibilidades. Te preparar\u00e9 <strong>sin coste<\/strong> varias <strong>opciones personalizadas<\/strong>, para que puedas elegir la que m\u00e1s se adapte a ti y a tus circunstancias.<\/p>\n\n\n\n<p class=\"has-ast-global-color-5-color has-ast-global-color-3-background-color has-text-color has-background has-link-color wp-elements-a531be63e8f6baa1680f42a2e1a5867d\"><strong>Advertencia<\/strong>: No soy m\u00e9dico. Mis recomendaciones est\u00e1n orientadas a cuidar el cuerpo desde la conciencia, el cambio de h\u00e1bitos, la nutrici\u00f3n, el metabolismo y el cuidado personal con productos naturales. Si tienes un problema m\u00e9dico importante siempre te recomiendo que tengas una consulta previa con el doctor que lidera mi equipo, que te orientar\u00e1 desde el punto de vista m\u00e9dico\/cient\u00edfico para que los resultados sean los mejores posibles.<\/p>\n\n\n\n<p><strong>Contacta conmigo<\/strong>:<\/p>\n\n\n\n<ol class=\"wp-block-list\">\n<li>Puedes llamarme o enviarme un mensaje de WhatsApp al <strong>629 025 431<\/strong> (prefijo internacional +34). Si no te puedo atender en el momento, d\u00e9jame un mensaje y contactar\u00e9 contigo lo antes posible.<\/li>\n\n\n\n<li>Por e-mail a este correo: <strong>antonio@aloeamigo.com<\/strong><\/li>\n<\/ol>\n\n\n\n<div class=\"wp-block-uagb-buttons uagb-buttons__outer-wrap uagb-btn__default-btn uagb-btn-tablet__default-btn uagb-btn-mobile__default-btn uagb-block-648717b9\"><div class=\"uagb-buttons__wrap uagb-buttons-layout-wrap \">\n<div class=\"wp-block-uagb-buttons-child uagb-buttons__outer-wrap uagb-block-9f55c87c wp-block-button\"><div class=\"uagb-button__wrapper\"><a class=\"uagb-buttons-repeater wp-block-button__link\" aria-label=\"\" href=\"https:\/\/www.foreverliving.es\/ref\/340000604176\" rel=\"follow noopener\" target=\"_blank\" role=\"button\"><div class=\"uagb-button__link\">Entra en la tienda<\/div><\/a><\/div><\/div>\n\n\n\n<div class=\"wp-block-uagb-buttons-child uagb-buttons__outer-wrap uagb-block-1cc9447f wp-block-button\"><div class=\"uagb-button__wrapper\"><a class=\"uagb-buttons-repeater wp-block-button__link\" aria-label=\"\" href=\"https:\/\/uneteaforever.es\/\/ref\/340000604176\" rel=\"follow noopener\" target=\"_blank\" role=\"button\"><div class=\"uagb-button__link\">Comprar con 5% descuento<\/div><\/a><\/div><\/div>\n<\/div><\/div>\n\n\n\n<figure class=\"wp-block-gallery has-nested-images columns-default is-cropped wp-block-gallery-1 is-layout-flex wp-block-gallery-is-layout-flex\">\n<figure class=\"wp-block-image size-large\"><img loading=\"lazy\" decoding=\"async\" width=\"438\" height=\"438\" data-id=\"89\" src=\"https:\/\/aloeamigo.com\/wp-content\/uploads\/2025\/05\/argi.jpg\" alt=\"\" class=\"wp-image-89\" srcset=\"https:\/\/aloeamigo.com\/wp-content\/uploads\/2025\/05\/argi.jpg 438w, https:\/\/aloeamigo.com\/wp-content\/uploads\/2025\/05\/argi-300x300.jpg 300w, https:\/\/aloeamigo.com\/wp-content\/uploads\/2025\/05\/argi-150x150.jpg 150w\" sizes=\"auto, (max-width: 438px) 100vw, 438px\" \/><\/figure>\n\n\n\n<figure class=\"wp-block-image size-large\"><img loading=\"lazy\" decoding=\"async\" width=\"698\" height=\"829\" data-id=\"90\" src=\"https:\/\/aloeamigo.com\/wp-content\/uploads\/2025\/05\/bebidas_aloe_vera.jpg\" alt=\"\" class=\"wp-image-90\" srcset=\"https:\/\/aloeamigo.com\/wp-content\/uploads\/2025\/05\/bebidas_aloe_vera.jpg 698w, https:\/\/aloeamigo.com\/wp-content\/uploads\/2025\/05\/bebidas_aloe_vera-253x300.jpg 253w\" sizes=\"auto, (max-width: 698px) 100vw, 698px\" \/><\/figure>\n\n\n\n<figure class=\"wp-block-image size-large\"><img loading=\"lazy\" decoding=\"async\" width=\"438\" height=\"438\" data-id=\"91\" src=\"https:\/\/aloeamigo.com\/wp-content\/uploads\/2025\/05\/clean_9_c9.jpg\" alt=\"\" class=\"wp-image-91\" srcset=\"https:\/\/aloeamigo.com\/wp-content\/uploads\/2025\/05\/clean_9_c9.jpg 438w, https:\/\/aloeamigo.com\/wp-content\/uploads\/2025\/05\/clean_9_c9-300x300.jpg 300w, https:\/\/aloeamigo.com\/wp-content\/uploads\/2025\/05\/clean_9_c9-150x150.jpg 150w\" sizes=\"auto, (max-width: 438px) 100vw, 438px\" \/><\/figure>\n\n\n\n<figure class=\"wp-block-image size-large\"><img loading=\"lazy\" decoding=\"async\" width=\"438\" height=\"438\" data-id=\"92\" src=\"https:\/\/aloeamigo.com\/wp-content\/uploads\/2025\/05\/colageno_marino.jpg\" alt=\"\" class=\"wp-image-92\" srcset=\"https:\/\/aloeamigo.com\/wp-content\/uploads\/2025\/05\/colageno_marino.jpg 438w, https:\/\/aloeamigo.com\/wp-content\/uploads\/2025\/05\/colageno_marino-300x300.jpg 300w, https:\/\/aloeamigo.com\/wp-content\/uploads\/2025\/05\/colageno_marino-150x150.jpg 150w\" sizes=\"auto, (max-width: 438px) 100vw, 438px\" \/><\/figure>\n\n\n\n<figure class=\"wp-block-image size-large\"><img loading=\"lazy\" decoding=\"async\" width=\"705\" height=\"670\" data-id=\"93\" src=\"https:\/\/aloeamigo.com\/wp-content\/uploads\/2025\/05\/cuidado_corporal.jpg\" alt=\"\" class=\"wp-image-93\" srcset=\"https:\/\/aloeamigo.com\/wp-content\/uploads\/2025\/05\/cuidado_corporal.jpg 705w, https:\/\/aloeamigo.com\/wp-content\/uploads\/2025\/05\/cuidado_corporal-300x285.jpg 300w\" sizes=\"auto, (max-width: 705px) 100vw, 705px\" \/><\/figure>\n\n\n\n<figure class=\"wp-block-image size-large\"><img loading=\"lazy\" decoding=\"async\" width=\"1024\" height=\"711\" data-id=\"94\" src=\"https:\/\/aloeamigo.com\/wp-content\/uploads\/2025\/05\/cuidado_de_la_piel-1024x711.jpg\" alt=\"\" class=\"wp-image-94\" srcset=\"https:\/\/aloeamigo.com\/wp-content\/uploads\/2025\/05\/cuidado_de_la_piel-1024x711.jpg 1024w, https:\/\/aloeamigo.com\/wp-content\/uploads\/2025\/05\/cuidado_de_la_piel-300x208.jpg 300w, https:\/\/aloeamigo.com\/wp-content\/uploads\/2025\/05\/cuidado_de_la_piel-768x533.jpg 768w, https:\/\/aloeamigo.com\/wp-content\/uploads\/2025\/05\/cuidado_de_la_piel.jpg 1036w\" sizes=\"auto, (max-width: 1024px) 100vw, 1024px\" \/><\/figure>\n\n\n\n<figure class=\"wp-block-image size-large\"><img loading=\"lazy\" decoding=\"async\" width=\"438\" height=\"438\" data-id=\"95\" src=\"https:\/\/aloeamigo.com\/wp-content\/uploads\/2025\/05\/cuidado_facial.jpg\" alt=\"\" class=\"wp-image-95\" srcset=\"https:\/\/aloeamigo.com\/wp-content\/uploads\/2025\/05\/cuidado_facial.jpg 438w, https:\/\/aloeamigo.com\/wp-content\/uploads\/2025\/05\/cuidado_facial-300x300.jpg 300w, https:\/\/aloeamigo.com\/wp-content\/uploads\/2025\/05\/cuidado_facial-150x150.jpg 150w\" sizes=\"auto, (max-width: 438px) 100vw, 438px\" \/><\/figure>\n\n\n\n<figure class=\"wp-block-image size-large\"><img loading=\"lazy\" decoding=\"async\" width=\"671\" height=\"630\" data-id=\"96\" src=\"https:\/\/aloeamigo.com\/wp-content\/uploads\/2025\/05\/cuidado_personal.jpg\" alt=\"\" class=\"wp-image-96\" srcset=\"https:\/\/aloeamigo.com\/wp-content\/uploads\/2025\/05\/cuidado_personal.jpg 671w, https:\/\/aloeamigo.com\/wp-content\/uploads\/2025\/05\/cuidado_personal-300x282.jpg 300w\" sizes=\"auto, (max-width: 671px) 100vw, 671px\" \/><\/figure>\n\n\n\n<figure class=\"wp-block-image size-large\"><img loading=\"lazy\" decoding=\"async\" width=\"951\" height=\"827\" data-id=\"97\" src=\"https:\/\/aloeamigo.com\/wp-content\/uploads\/2025\/05\/estilo_de_vida_activo.jpg\" alt=\"\" class=\"wp-image-97\" srcset=\"https:\/\/aloeamigo.com\/wp-content\/uploads\/2025\/05\/estilo_de_vida_activo.jpg 951w, https:\/\/aloeamigo.com\/wp-content\/uploads\/2025\/05\/estilo_de_vida_activo-300x261.jpg 300w, https:\/\/aloeamigo.com\/wp-content\/uploads\/2025\/05\/estilo_de_vida_activo-768x668.jpg 768w\" sizes=\"auto, (max-width: 951px) 100vw, 951px\" \/><\/figure>\n\n\n\n<figure class=\"wp-block-image size-large\"><img loading=\"lazy\" decoding=\"async\" width=\"755\" height=\"755\" data-id=\"98\" src=\"https:\/\/aloeamigo.com\/wp-content\/uploads\/2025\/05\/gestion_del_peso.jpg\" alt=\"\" class=\"wp-image-98\" srcset=\"https:\/\/aloeamigo.com\/wp-content\/uploads\/2025\/05\/gestion_del_peso.jpg 755w, https:\/\/aloeamigo.com\/wp-content\/uploads\/2025\/05\/gestion_del_peso-300x300.jpg 300w, https:\/\/aloeamigo.com\/wp-content\/uploads\/2025\/05\/gestion_del_peso-150x150.jpg 150w\" sizes=\"auto, (max-width: 755px) 100vw, 755px\" \/><\/figure>\n\n\n\n<figure class=\"wp-block-image size-large\"><img loading=\"lazy\" decoding=\"async\" width=\"694\" height=\"718\" data-id=\"99\" src=\"https:\/\/aloeamigo.com\/wp-content\/uploads\/2025\/05\/necesidades_diarias.jpg\" alt=\"\" class=\"wp-image-99\" srcset=\"https:\/\/aloeamigo.com\/wp-content\/uploads\/2025\/05\/necesidades_diarias.jpg 694w, https:\/\/aloeamigo.com\/wp-content\/uploads\/2025\/05\/necesidades_diarias-290x300.jpg 290w\" sizes=\"auto, (max-width: 694px) 100vw, 694px\" \/><\/figure>\n\n\n\n<figure class=\"wp-block-image size-large\"><img loading=\"lazy\" decoding=\"async\" width=\"697\" height=\"673\" data-id=\"100\" src=\"https:\/\/aloeamigo.com\/wp-content\/uploads\/2025\/05\/nutricion_avanzada_simplificada.jpg\" alt=\"\" class=\"wp-image-100\" srcset=\"https:\/\/aloeamigo.com\/wp-content\/uploads\/2025\/05\/nutricion_avanzada_simplificada.jpg 697w, https:\/\/aloeamigo.com\/wp-content\/uploads\/2025\/05\/nutricion_avanzada_simplificada-300x290.jpg 300w\" sizes=\"auto, (max-width: 697px) 100vw, 697px\" \/><\/figure>\n\n\n\n<figure class=\"wp-block-image size-large\"><img loading=\"lazy\" decoding=\"async\" width=\"1024\" height=\"1024\" data-id=\"101\" src=\"https:\/\/aloeamigo.com\/wp-content\/uploads\/2025\/05\/top_ventas_aloe_vera_gelly-1024x1024.webp\" alt=\"\" class=\"wp-image-101\" srcset=\"https:\/\/aloeamigo.com\/wp-content\/uploads\/2025\/05\/top_ventas_aloe_vera_gelly-1024x1024.webp 1024w, https:\/\/aloeamigo.com\/wp-content\/uploads\/2025\/05\/top_ventas_aloe_vera_gelly-300x300.webp 300w, https:\/\/aloeamigo.com\/wp-content\/uploads\/2025\/05\/top_ventas_aloe_vera_gelly-150x150.webp 150w, https:\/\/aloeamigo.com\/wp-content\/uploads\/2025\/05\/top_ventas_aloe_vera_gelly-768x768.webp 768w, https:\/\/aloeamigo.com\/wp-content\/uploads\/2025\/05\/top_ventas_aloe_vera_gelly-1536x1536.webp 1536w, https:\/\/aloeamigo.com\/wp-content\/uploads\/2025\/05\/top_ventas_aloe_vera_gelly.webp 1600w\" sizes=\"auto, (max-width: 1024px) 100vw, 1024px\" \/><\/figure>\n\n\n\n<figure class=\"wp-block-image size-large\"><img loading=\"lazy\" decoding=\"async\" width=\"1024\" height=\"1024\" data-id=\"104\" src=\"https:\/\/aloeamigo.com\/wp-content\/uploads\/2025\/05\/top_ventas_propolis_creme-1024x1024.webp\" alt=\"\" class=\"wp-image-104\" srcset=\"https:\/\/aloeamigo.com\/wp-content\/uploads\/2025\/05\/top_ventas_propolis_creme-1024x1024.webp 1024w, https:\/\/aloeamigo.com\/wp-content\/uploads\/2025\/05\/top_ventas_propolis_creme-300x300.webp 300w, https:\/\/aloeamigo.com\/wp-content\/uploads\/2025\/05\/top_ventas_propolis_creme-150x150.webp 150w, https:\/\/aloeamigo.com\/wp-content\/uploads\/2025\/05\/top_ventas_propolis_creme-768x768.webp 768w, https:\/\/aloeamigo.com\/wp-content\/uploads\/2025\/05\/top_ventas_propolis_creme-1536x1536.webp 1536w, https:\/\/aloeamigo.com\/wp-content\/uploads\/2025\/05\/top_ventas_propolis_creme.webp 1600w\" sizes=\"auto, (max-width: 1024px) 100vw, 1024px\" \/><\/figure>\n\n\n\n<figure class=\"wp-block-image size-large\"><img loading=\"lazy\" decoding=\"async\" width=\"1024\" height=\"1024\" data-id=\"103\" src=\"https:\/\/aloeamigo.com\/wp-content\/uploads\/2025\/05\/top_ventas_marine_collagen-1024x1024.webp\" alt=\"\" class=\"wp-image-103\" srcset=\"https:\/\/aloeamigo.com\/wp-content\/uploads\/2025\/05\/top_ventas_marine_collagen-1024x1024.webp 1024w, https:\/\/aloeamigo.com\/wp-content\/uploads\/2025\/05\/top_ventas_marine_collagen-300x300.webp 300w, https:\/\/aloeamigo.com\/wp-content\/uploads\/2025\/05\/top_ventas_marine_collagen-150x150.webp 150w, https:\/\/aloeamigo.com\/wp-content\/uploads\/2025\/05\/top_ventas_marine_collagen-768x768.webp 768w, https:\/\/aloeamigo.com\/wp-content\/uploads\/2025\/05\/top_ventas_marine_collagen-1536x1536.webp 1536w, https:\/\/aloeamigo.com\/wp-content\/uploads\/2025\/05\/top_ventas_marine_collagen.webp 1600w\" sizes=\"auto, (max-width: 1024px) 100vw, 1024px\" \/><\/figure>\n<\/figure>\n\n\n\n<p><\/p>\n","protected":false},"excerpt":{"rendered":"<p>Si est\u00e1s leyendo esto es porque te interesa tu salud y tu bienestar. Debes saber que esto no es s\u00f3lo [&hellip;]<\/p>\n","protected":false},"author":1,"featured_media":0,"parent":0,"menu_order":0,"comment_status":"closed","ping_status":"closed","template":"","meta":{"_uag_custom_page_level_css":"","site-sidebar-layout":"default","site-content-layout":"","ast-site-content-layout":"default","site-content-style":"default","site-sidebar-style":"default","ast-global-header-display":"","ast-banner-title-visibility":"","ast-main-header-display":"","ast-hfb-above-header-display":"","ast-hfb-below-header-display":"","ast-hfb-mobile-header-display":"","site-post-title":"","ast-breadcrumbs-content":"","ast-featured-img":"","footer-sml-layout":"","theme-transparent-header-meta":"","adv-header-id-meta":"","stick-header-meta":"","header-above-stick-meta":"","header-main-stick-meta":"","header-below-stick-meta":"","astra-migrate-meta-layouts":"default","ast-page-background-enabled":"default","ast-page-background-meta":{"desktop":{"background-color":"var(--ast-global-color-5)","background-image":"","background-repeat":"repeat","background-position":"center center","background-size":"auto","background-attachment":"scroll","background-type":"","background-media":"","overlay-type":"","overlay-color":"","overlay-opacity":"","overlay-gradient":""},"tablet":{"background-color":"","background-image":"","background-repeat":"repeat","background-position":"center center","background-size":"auto","background-attachment":"scroll","background-type":"","background-media":"","overlay-type":"","overlay-color":"","overlay-opacity":"","overlay-gradient":""},"mobile":{"background-color":"","background-image":"","background-repeat":"repeat","background-position":"center center","background-size":"auto","background-attachment":"scroll","background-type":"","background-media":"","overlay-type":"","overlay-color":"","overlay-opacity":"","overlay-gradient":""}},"ast-content-background-meta":{"desktop":{"background-color":"var(--ast-global-color-4)","background-image":"","background-repeat":"repeat","background-position":"center center","background-size":"auto","background-attachment":"scroll","background-type":"","background-media":"","overlay-type":"","overlay-color":"","overlay-opacity":"","overlay-gradient":""},"tablet":{"background-color":"var(--ast-global-color-4)","background-image":"","background-repeat":"repeat","background-position":"center center","background-size":"auto","background-attachment":"scroll","background-type":"","background-media":"","overlay-type":"","overlay-color":"","overlay-opacity":"","overlay-gradient":""},"mobile":{"background-color":"var(--ast-global-color-4)","background-image":"","background-repeat":"repeat","background-position":"center center","background-size":"auto","background-attachment":"scroll","background-type":"","background-media":"","overlay-type":"","overlay-color":"","overlay-opacity":"","overlay-gradient":""}},"footnotes":""},"class_list":["post-88","page","type-page","status-publish","hentry"],"uagb_featured_image_src":{"full":false,"thumbnail":false,"medium":false,"medium_large":false,"large":false,"1536x1536":false,"2048x2048":false},"uagb_author_info":{"display_name":"admin","author_link":"https:\/\/aloeamigo.com\/index.php\/author\/admin\/"},"uagb_comment_info":0,"uagb_excerpt":"Si est\u00e1s leyendo esto es porque te interesa tu salud y tu bienestar. Debes saber que esto no es s\u00f3lo [&hellip;]","_links":{"self":[{"href":"https:\/\/aloeamigo.com\/index.php\/wp-json\/wp\/v2\/pages\/88","targetHints":{"allow":["GET"]}}],"collection":[{"href":"https:\/\/aloeamigo.com\/index.php\/wp-json\/wp\/v2\/pages"}],"about":[{"href":"https:\/\/aloeamigo.com\/index.php\/wp-json\/wp\/v2\/types\/page"}],"author":[{"embeddable":true,"href":"https:\/\/aloeamigo.com\/index.php\/wp-json\/wp\/v2\/users\/1"}],"replies":[{"embeddable":true,"href":"https:\/\/aloeamigo.com\/index.php\/wp-json\/wp\/v2\/comments?post=88"}],"version-history":[{"count":21,"href":"https:\/\/aloeamigo.com\/index.php\/wp-json\/wp\/v2\/pages\/88\/revisions"}],"predecessor-version":[{"id":297,"href":"https:\/\/aloeamigo.com\/index.php\/wp-json\/wp\/v2\/pages\/88\/revisions\/297"}],"wp:attachment":[{"href":"https:\/\/aloeamigo.com\/index.php\/wp-json\/wp\/v2\/media?parent=88"}],"curies":[{"name":"wp","href":"https:\/\/api.w.org\/{rel}","templated":true}]}}