{"id":84,"date":"2025-05-20T23:04:26","date_gmt":"2025-05-20T23:04:26","guid":{"rendered":"https:\/\/aloeamigo.com\/?page_id=84"},"modified":"2025-08-03T13:02:52","modified_gmt":"2025-08-03T13:02:52","slug":"negocio","status":"publish","type":"page","link":"https:\/\/aloeamigo.com\/index.php\/negocio\/","title":{"rendered":"Negocio"},"content":{"rendered":"\n<p>Todo el mundo tiene deseos y aspiraciones en su vida. \u00bfCu\u00e1l es tu deseo ahora? Libertad econ\u00f3mica, libertad de horario, disfrutar de tu familia, m\u00e1s vacaciones&#8230;<\/p>\n\n\n\n<p>Si has entrado aqu\u00ed es muy posible que sea porque quieres construir una vida mejor para ti y para los tuyos, tener un futuro lleno de oportunidades, sin jefes a los que obedecer, sin malos rollos, sin nada que te limite.<\/p>\n\n\n\n<div class=\"wp-block-uagb-buttons uagb-buttons__outer-wrap uagb-btn__default-btn uagb-btn-tablet__default-btn uagb-btn-mobile__default-btn uagb-block-d7bf0934\"><div class=\"uagb-buttons__wrap uagb-buttons-layout-wrap \">\n<div class=\"wp-block-uagb-buttons-child uagb-buttons__outer-wrap uagb-block-f0d41a59 wp-block-button\"><div class=\"uagb-button__wrapper\"><a class=\"uagb-buttons-repeater wp-block-button__link\" aria-label=\"\" href=\"https:\/\/docs.google.com\/forms\/d\/e\/1FAIpQLScwKvwspC3-ZlyzjPmNGXhUGCpSMGZnP5gChbeDqxBuEGeU8Q\/viewform?usp=dialog\" rel=\"follow noopener\" target=\"_blank\" role=\"button\"><div class=\"uagb-button__link\">Quiero saber m\u00e1s<\/div><\/a><\/div><\/div>\n<\/div><\/div>\n\n\n\n<p>Te ofrezco una oportunidad de negocio estable y transparente, sin trucos:<\/p>\n\n\n\n<ul class=\"wp-block-list\">\n<li>Riesgo cero, donde nunca puedes perder, s\u00f3lo ganar.<\/li>\n\n\n\n<li>Puedes desarrollarlo con una inversi\u00f3n inicial m\u00ednima, f\u00e1cilmente recuperable.<\/li>\n\n\n\n<li>S\u00f3lo dependes de ti, con libertad de horario, sin jefes, sin gastos, sin stock y sin m\u00e1s objetivos que los que t\u00fa te marques.<\/li>\n\n\n\n<li>Puedes compaginarlo con otro trabajo mientras lo aprendes y desarrollas. Este negocio se construye poco a poco.<\/li>\n\n\n\n<li>Te permite alcanzar tus propios sue\u00f1os y conseguir la libertad que buscas. Los l\u00edmites s\u00f3lo los pones t\u00fa.<\/li>\n\n\n\n<li>No necesitas experiencia ni conocimientos previos. La empresa te forma, yo te formo, y tendr\u00e1s siempre ayuda y acompa\u00f1amiento.<\/li>\n\n\n\n<li>Puedes desarrollarlo en m\u00e1s de 160 pa\u00edses con una licencia internacional gratuita.<\/li>\n<\/ul>\n\n\n\n<p>Requisitos:<\/p>\n\n\n\n<ul class=\"wp-block-list\">\n<li>Amabilidad, honestidad y ganas de ayudar a la gente desde el coraz\u00f3n (imprescindible para m\u00ed).<\/li>\n\n\n\n<li>Ganas de formarte y compromiso (imprescindible para cualquier negocio).<\/li>\n\n\n\n<li>Ser consciente de que este negocio se construye con constancia y sin atajos (imprescindible para ti).<\/li>\n<\/ul>\n\n\n\n<p>Si crees que puede ser para ti, haz clic en el enlace y me pondr\u00e9 en contacto contigo para concertar una entrevista por videollamada.<\/p>\n\n\n\n<div class=\"wp-block-uagb-buttons uagb-buttons__outer-wrap uagb-btn__default-btn uagb-btn-tablet__default-btn uagb-btn-mobile__default-btn uagb-block-53bee4d8\"><div class=\"uagb-buttons__wrap uagb-buttons-layout-wrap \">\n<div class=\"wp-block-uagb-buttons-child uagb-buttons__outer-wrap uagb-block-531b8010 wp-block-button\"><div class=\"uagb-button__wrapper\"><a class=\"uagb-buttons-repeater wp-block-button__link\" aria-label=\"\" href=\"https:\/\/docs.google.com\/forms\/d\/e\/1FAIpQLScwKvwspC3-ZlyzjPmNGXhUGCpSMGZnP5gChbeDqxBuEGeU8Q\/viewform?usp=dialog\" rel=\"follow noopener\" target=\"_blank\" role=\"button\"><div class=\"uagb-button__link\">Quiero saber m\u00e1s<\/div><\/a><\/div><\/div>\n<\/div><\/div>\n\n\n\n<p><\/p>\n\n\n\n<figure class=\"wp-block-image alignfull size-large\"><img loading=\"lazy\" decoding=\"async\" width=\"1024\" height=\"460\" src=\"https:\/\/aloeamigo.com\/wp-content\/uploads\/2025\/05\/antonio_productos_forever_y_fgr-1-1024x460.jpg\" alt=\"\" class=\"wp-image-156\" srcset=\"https:\/\/aloeamigo.com\/wp-content\/uploads\/2025\/05\/antonio_productos_forever_y_fgr-1-1024x460.jpg 1024w, https:\/\/aloeamigo.com\/wp-content\/uploads\/2025\/05\/antonio_productos_forever_y_fgr-1-300x135.jpg 300w, https:\/\/aloeamigo.com\/wp-content\/uploads\/2025\/05\/antonio_productos_forever_y_fgr-1-768x345.jpg 768w, https:\/\/aloeamigo.com\/wp-content\/uploads\/2025\/05\/antonio_productos_forever_y_fgr-1-1536x691.jpg 1536w, https:\/\/aloeamigo.com\/wp-content\/uploads\/2025\/05\/antonio_productos_forever_y_fgr-1.jpg 1917w\" sizes=\"auto, (max-width: 1024px) 100vw, 1024px\" \/><\/figure>\n\n\n\n<p><\/p>\n","protected":false},"excerpt":{"rendered":"<p>Todo el mundo tiene deseos y aspiraciones en su vida. \u00bfCu\u00e1l es tu deseo ahora? Libertad econ\u00f3mica, libertad de horario, [&hellip;]<\/p>\n","protected":false},"author":1,"featured_media":0,"parent":0,"menu_order":0,"comment_status":"closed","ping_status":"closed","template":"","meta":{"_uag_custom_page_level_css":"","site-sidebar-layout":"default","site-content-layout":"","ast-site-content-layout":"default","site-content-style":"default","site-sidebar-style":"default","ast-global-header-display":"","ast-banner-title-visibility":"","ast-main-header-display":"","ast-hfb-above-header-display":"","ast-hfb-below-header-display":"","ast-hfb-mobile-header-display":"","site-post-title":"","ast-breadcrumbs-content":"","ast-featured-img":"","footer-sml-layout":"","theme-transparent-header-meta":"","adv-header-id-meta":"","stick-header-meta":"","header-above-stick-meta":"","header-main-stick-meta":"","header-below-stick-meta":"","astra-migrate-meta-layouts":"default","ast-page-background-enabled":"default","ast-page-background-meta":{"desktop":{"background-color":"var(--ast-global-color-5)","background-image":"","background-repeat":"repeat","background-position":"center center","background-size":"auto","background-attachment":"scroll","background-type":"","background-media":"","overlay-type":"","overlay-color":"","overlay-opacity":"","overlay-gradient":""},"tablet":{"background-color":"","background-image":"","background-repeat":"repeat","background-position":"center center","background-size":"auto","background-attachment":"scroll","background-type":"","background-media":"","overlay-type":"","overlay-color":"","overlay-opacity":"","overlay-gradient":""},"mobile":{"background-color":"","background-image":"","background-repeat":"repeat","background-position":"center center","background-size":"auto","background-attachment":"scroll","background-type":"","background-media":"","overlay-type":"","overlay-color":"","overlay-opacity":"","overlay-gradient":""}},"ast-content-background-meta":{"desktop":{"background-color":"var(--ast-global-color-4)","background-image":"","background-repeat":"repeat","background-position":"center center","background-size":"auto","background-attachment":"scroll","background-type":"","background-media":"","overlay-type":"","overlay-color":"","overlay-opacity":"","overlay-gradient":""},"tablet":{"background-color":"var(--ast-global-color-4)","background-image":"","background-repeat":"repeat","background-position":"center center","background-size":"auto","background-attachment":"scroll","background-type":"","background-media":"","overlay-type":"","overlay-color":"","overlay-opacity":"","overlay-gradient":""},"mobile":{"background-color":"var(--ast-global-color-4)","background-image":"","background-repeat":"repeat","background-position":"center center","background-size":"auto","background-attachment":"scroll","background-type":"","background-media":"","overlay-type":"","overlay-color":"","overlay-opacity":"","overlay-gradient":""}},"footnotes":""},"class_list":["post-84","page","type-page","status-publish","hentry"],"uagb_featured_image_src":{"full":false,"thumbnail":false,"medium":false,"medium_large":false,"large":false,"1536x1536":false,"2048x2048":false},"uagb_author_info":{"display_name":"admin","author_link":"https:\/\/aloeamigo.com\/index.php\/author\/admin\/"},"uagb_comment_info":0,"uagb_excerpt":"Todo el mundo tiene deseos y aspiraciones en su vida. \u00bfCu\u00e1l es tu deseo ahora? Libertad econ\u00f3mica, libertad de horario, [&hellip;]","_links":{"self":[{"href":"https:\/\/aloeamigo.com\/index.php\/wp-json\/wp\/v2\/pages\/84","targetHints":{"allow":["GET"]}}],"collection":[{"href":"https:\/\/aloeamigo.com\/index.php\/wp-json\/wp\/v2\/pages"}],"about":[{"href":"https:\/\/aloeamigo.com\/index.php\/wp-json\/wp\/v2\/types\/page"}],"author":[{"embeddable":true,"href":"https:\/\/aloeamigo.com\/index.php\/wp-json\/wp\/v2\/users\/1"}],"replies":[{"embeddable":true,"href":"https:\/\/aloeamigo.com\/index.php\/wp-json\/wp\/v2\/comments?post=84"}],"version-history":[{"count":11,"href":"https:\/\/aloeamigo.com\/index.php\/wp-json\/wp\/v2\/pages\/84\/revisions"}],"predecessor-version":[{"id":273,"href":"https:\/\/aloeamigo.com\/index.php\/wp-json\/wp\/v2\/pages\/84\/revisions\/273"}],"wp:attachment":[{"href":"https:\/\/aloeamigo.com\/index.php\/wp-json\/wp\/v2\/media?parent=84"}],"curies":[{"name":"wp","href":"https:\/\/api.w.org\/{rel}","templated":true}]}}