{"id":80,"date":"2025-05-20T20:53:41","date_gmt":"2025-05-20T20:53:41","guid":{"rendered":"https:\/\/aloeamigo.com\/?page_id=80"},"modified":"2025-08-06T18:19:27","modified_gmt":"2025-08-06T18:19:27","slug":"sobre-mi","status":"publish","type":"page","link":"https:\/\/aloeamigo.com\/index.php\/sobre-mi\/","title":{"rendered":"Sobre m\u00ed"},"content":{"rendered":"\n<div class=\"wp-block-columns is-layout-flex wp-container-core-columns-is-layout-28f84493 wp-block-columns-is-layout-flex\">\n<div class=\"wp-block-column is-layout-flow wp-block-column-is-layout-flow\" style=\"flex-basis:66.66%\">\n<p><strong>Soy Antonio, emprendedor, yogui y disfrutador<\/strong>.<\/p>\n\n\n\n<p>Me gustar\u00eda ayudarte a que te unas al club de los disfrutadores&#8230; Pero no siempre he sido un disfrutador, la vida me ha dado muchos revolcones.<\/p>\n\n\n\n<p>Mi consejo no solicitado: no te conformes con un \u00abes lo que hay\u00bb. Merece la pena darse una oportunidad.<\/p>\n\n\n\n<p>Te cuento mi historia.<\/p>\n\n\n\n<p>Empec\u00e9 a trabajar como botones en banca con 14 a\u00f1os. Ped\u00ed la cuenta 34 a\u00f1os y medio m\u00e1s tarde, con tres ni\u00f1os peque\u00f1os.<\/p>\n\n\n\n<p>\u00bfLocura? Ech\u00e9 n\u00fameros, planifiqu\u00e9 y, con el visto bueno de mi esposa, eleg\u00ed mi salud por delante del dinero. Previamente hab\u00eda hecho muy buenas inversiones.<\/p>\n\n\n\n<p>Dos a\u00f1os de desempleo y desde 2015 como aut\u00f3nomo: clases de yoga, talleres, reflexolog\u00eda podal&#8230; \u00a1Vaya cambio m\u00e1s brutal!<\/p>\n\n\n\n<p>En 2019 tuve un grave accidente que <strong><a href=\"https:\/\/aloeamigo.com\/wp-content\/uploads\/2025\/05\/RX_ANTONIO_REGRESO_INDIA.jpg\" data-type=\"link\" data-id=\"https:\/\/aloeamigo.com\/wp-content\/uploads\/2025\/05\/RX_ANTONIO_REGRESO_INDIA.jpg\" target=\"_blank\" rel=\"noreferrer noopener\">me dej\u00f3 as\u00ed<\/a><\/strong>, un poco Robocop y con una artrosis muy limitadora y dolorosa, adem\u00e1s de da\u00f1arme el dedo pulgar (adi\u00f3s reflexo). <strong>Advertencia<\/strong>: si haces clic en el enlace ver\u00e1s a un hombre sin ropa.<\/p>\n\n\n\n<p>Puede parecer raro pero nunca me oir\u00e1s decir que fuese una mala experiencia, aunque s\u00ed que fue bastante dolorosa.<\/p>\n\n\n\n<p>Estar de baja m\u00e9dica siendo aut\u00f3nomo ya es de por s\u00ed complicado y m\u00e1s a\u00fan enlazar con todo lo que pas\u00f3 en 2020.<\/p>\n\n\n\n<p>Fueron varios a\u00f1os de mucho aprendizaje sobre m\u00ed, sobre el control del dolor, la aceptaci\u00f3n, la fuerza de voluntad, la resiliencia,&#8230; y tambi\u00e9n sobre lo dif\u00edcil que es encontrar un nuevo empleo a partir de los 55 a\u00f1os.<\/p>\n\n\n\n<p>Dos a\u00f1os m\u00e1s compaginando unas pocas clases de yoga con la actividad de agente de seguros a tiempo parcial, hasta que&#8230;<\/p>\n\n\n\n<p>Mi salud empez\u00f3 a mejorar con la ayuda de un excepcional m\u00e9dico y los tambi\u00e9n excepcionales productos de Forever Living. Volv\u00ed a recuperar mi vida. Ahora tengo la fortuna de estar en su equipo y poder ayudar a otras personas a mejorar sus vidas.<\/p>\n\n\n\n<p>Tuve la oportunidad de crear un nuevo futuro para m\u00ed y para m\u00ed familia, una doble oportunidad de salud y de econom\u00eda&#8230; Y la aprovech\u00e9.<\/p>\n\n\n\n<p>Ahora disfruto de mi vida, conozco gente maravillosa y, tal como hicieron conmigo, ofrezco oportunidades:<\/p>\n\n\n\n<ul class=\"wp-block-list\">\n<li>de salud, para inconformistas que no se resignan y dan prioridad a su autocuidado y su bienestar integral<\/li>\n\n\n\n<li>de negocio, para inconformistas que quieren empezar a crear un futuro m\u00e1s pr\u00f3spero desde el amor, el respeto y la honestidad.<\/li>\n<\/ul>\n\n\n\n<p>\u00bfTe gustar\u00eda unirte al club de los disfrutadores? No te conformes.<\/p>\n<\/div>\n\n\n\n<div class=\"wp-block-column is-layout-flow wp-block-column-is-layout-flow\" style=\"flex-basis:33.33%\">\n<figure class=\"wp-block-image size-large\"><img loading=\"lazy\" decoding=\"async\" width=\"473\" height=\"1024\" src=\"https:\/\/aloeamigo.com\/wp-content\/uploads\/2025\/05\/20240921_180937-473x1024.jpg\" alt=\"\" class=\"wp-image-81\" srcset=\"https:\/\/aloeamigo.com\/wp-content\/uploads\/2025\/05\/20240921_180937-473x1024.jpg 473w, https:\/\/aloeamigo.com\/wp-content\/uploads\/2025\/05\/20240921_180937-139x300.jpg 139w, https:\/\/aloeamigo.com\/wp-content\/uploads\/2025\/05\/20240921_180937-768x1662.jpg 768w, https:\/\/aloeamigo.com\/wp-content\/uploads\/2025\/05\/20240921_180937-710x1536.jpg 710w, https:\/\/aloeamigo.com\/wp-content\/uploads\/2025\/05\/20240921_180937-946x2048.jpg 946w, https:\/\/aloeamigo.com\/wp-content\/uploads\/2025\/05\/20240921_180937-scaled.jpg 1183w\" sizes=\"auto, (max-width: 473px) 100vw, 473px\" \/><\/figure>\n<\/div>\n<\/div>\n\n\n\n<p><\/p>\n","protected":false},"excerpt":{"rendered":"<p>Soy Antonio, emprendedor, yogui y disfrutador. Me gustar\u00eda ayudarte a que te unas al club de los disfrutadores&#8230; Pero no [&hellip;]<\/p>\n","protected":false},"author":1,"featured_media":0,"parent":0,"menu_order":0,"comment_status":"closed","ping_status":"closed","template":"","meta":{"_uag_custom_page_level_css":"","site-sidebar-layout":"default","site-content-layout":"","ast-site-content-layout":"default","site-content-style":"default","site-sidebar-style":"default","ast-global-header-display":"","ast-banner-title-visibility":"","ast-main-header-display":"","ast-hfb-above-header-display":"","ast-hfb-below-header-display":"","ast-hfb-mobile-header-display":"","site-post-title":"","ast-breadcrumbs-content":"","ast-featured-img":"","footer-sml-layout":"","theme-transparent-header-meta":"","adv-header-id-meta":"","stick-header-meta":"","header-above-stick-meta":"","header-main-stick-meta":"","header-below-stick-meta":"","astra-migrate-meta-layouts":"default","ast-page-background-enabled":"default","ast-page-background-meta":{"desktop":{"background-color":"var(--ast-global-color-5)","background-image":"","background-repeat":"repeat","background-position":"center center","background-size":"auto","background-attachment":"scroll","background-type":"","background-media":"","overlay-type":"","overlay-color":"","overlay-opacity":"","overlay-gradient":""},"tablet":{"background-color":"","background-image":"","background-repeat":"repeat","background-position":"center center","background-size":"auto","background-attachment":"scroll","background-type":"","background-media":"","overlay-type":"","overlay-color":"","overlay-opacity":"","overlay-gradient":""},"mobile":{"background-color":"","background-image":"","background-repeat":"repeat","background-position":"center center","background-size":"auto","background-attachment":"scroll","background-type":"","background-media":"","overlay-type":"","overlay-color":"","overlay-opacity":"","overlay-gradient":""}},"ast-content-background-meta":{"desktop":{"background-color":"var(--ast-global-color-4)","background-image":"","background-repeat":"repeat","background-position":"center center","background-size":"auto","background-attachment":"scroll","background-type":"","background-media":"","overlay-type":"","overlay-color":"","overlay-opacity":"","overlay-gradient":""},"tablet":{"background-color":"var(--ast-global-color-4)","background-image":"","background-repeat":"repeat","background-position":"center center","background-size":"auto","background-attachment":"scroll","background-type":"","background-media":"","overlay-type":"","overlay-color":"","overlay-opacity":"","overlay-gradient":""},"mobile":{"background-color":"var(--ast-global-color-4)","background-image":"","background-repeat":"repeat","background-position":"center center","background-size":"auto","background-attachment":"scroll","background-type":"","background-media":"","overlay-type":"","overlay-color":"","overlay-opacity":"","overlay-gradient":""}},"footnotes":""},"class_list":["post-80","page","type-page","status-publish","hentry"],"uagb_featured_image_src":{"full":false,"thumbnail":false,"medium":false,"medium_large":false,"large":false,"1536x1536":false,"2048x2048":false},"uagb_author_info":{"display_name":"admin","author_link":"https:\/\/aloeamigo.com\/index.php\/author\/admin\/"},"uagb_comment_info":0,"uagb_excerpt":"Soy Antonio, emprendedor, yogui y disfrutador. Me gustar\u00eda ayudarte a que te unas al club de los disfrutadores&#8230; Pero no [&hellip;]","_links":{"self":[{"href":"https:\/\/aloeamigo.com\/index.php\/wp-json\/wp\/v2\/pages\/80","targetHints":{"allow":["GET"]}}],"collection":[{"href":"https:\/\/aloeamigo.com\/index.php\/wp-json\/wp\/v2\/pages"}],"about":[{"href":"https:\/\/aloeamigo.com\/index.php\/wp-json\/wp\/v2\/types\/page"}],"author":[{"embeddable":true,"href":"https:\/\/aloeamigo.com\/index.php\/wp-json\/wp\/v2\/users\/1"}],"replies":[{"embeddable":true,"href":"https:\/\/aloeamigo.com\/index.php\/wp-json\/wp\/v2\/comments?post=80"}],"version-history":[{"count":15,"href":"https:\/\/aloeamigo.com\/index.php\/wp-json\/wp\/v2\/pages\/80\/revisions"}],"predecessor-version":[{"id":286,"href":"https:\/\/aloeamigo.com\/index.php\/wp-json\/wp\/v2\/pages\/80\/revisions\/286"}],"wp:attachment":[{"href":"https:\/\/aloeamigo.com\/index.php\/wp-json\/wp\/v2\/media?parent=80"}],"curies":[{"name":"wp","href":"https:\/\/api.w.org\/{rel}","templated":true}]}}