{"id":10,"date":"2025-03-03T19:20:27","date_gmt":"2025-03-03T19:20:27","guid":{"rendered":"https:\/\/aloeamigo.com\/?page_id=10"},"modified":"2025-11-07T01:18:12","modified_gmt":"2025-11-07T01:18:12","slug":"inicio","status":"publish","type":"page","link":"https:\/\/aloeamigo.com\/","title":{"rendered":"Inicio"},"content":{"rendered":"\n<div class=\"wp-block-cover alignfull\" style=\"min-height:720px;aspect-ratio:unset;\"><span aria-hidden=\"true\" class=\"wp-block-cover__background has-background-dim-100 has-background-dim has-background-gradient\" style=\"background:linear-gradient(263deg,rgb(252,185,0) 0%,rgb(255,105,0) 100%)\"><\/span><div class=\"wp-block-cover__inner-container is-layout-flow wp-block-cover-is-layout-flow\">\n<div class=\"inherit-container-width wp-block-group alignwide is-layout-constrained wp-block-group-is-layout-constrained\">\n<div class=\"wp-block-media-text alignwide has-media-on-the-right is-stacked-on-mobile is-vertically-aligned-center\" style=\"grid-template-columns:auto 43%\"><div class=\"wp-block-media-text__content\">\n<p><\/p>\n\n\n\n<h3 class=\"wp-block-heading has-text-align-left has-white-color has-text-color\">\u00bfPor qu\u00e9 elegir Aloe Amigo?<\/h3>\n\n\n\n<p class=\"has-ast-global-color-5-color has-text-color has-link-color wp-elements-7574729c374dfb42b0c04bb6fe1a9731\">Si perteneces al grupo de personas que se cuidan y se quieren de verdad&#8230;<\/p>\n\n\n\n<p class=\"has-ast-global-color-5-color has-text-color has-link-color wp-elements-546222aef636809abc34f3a18cb2c513\">Si perteneces al grupo de personas que disfrutan el vivir una vida de calidad&#8230;<\/p>\n\n\n\n<p class=\"has-ast-global-color-5-color has-text-color has-link-color wp-elements-de7744072fc5d1f726e6cf565f0867f8\">Si perteneces al grupo de personas que prefieren hacer rutas por el campo mejor que hacia la farmacia m\u00e1s cercana&#8230;<\/p>\n\n\n\n<p class=\"has-ast-global-color-5-color has-text-color has-link-color wp-elements-ef7c297e3a76242decabca5d7c538da3\">\u00bfSabes que tu microbiota y las toxinas y t\u00f3xicos acumulados en tu cuerpo tienen mucho que ver con nuestras dolencias? Lo dice la ciencia y as\u00ed es.<\/p>\n\n\n\n<p class=\"has-ast-global-color-5-color has-text-color has-link-color wp-elements-313c0137494e8e1f4fb5edeb6edb828d\">Si eres de esas personas o si sientes que tu vida necesita un cambio y a\u00fan no te has rendido, preg\u00fantame y te explico c\u00f3mo empezar a hacer posible ese cambio.<\/p>\n\n\n\n<p class=\"has-ast-global-color-5-color has-text-color has-link-color wp-elements-79164b60eee46b01bd7c48f6f9c0f137\">Estuve enfermo y sufriendo durante casi 4 a\u00f1os pero descubr\u00ed que es posible cambiar a mejor. \u00a1Ahora disfruto de nuevo de mi vida!<\/p>\n\n\n\n<p class=\"has-ast-global-color-5-color has-text-color has-link-color wp-elements-488281019e210640d69013f430e69f9a\">Pertenezco a un equipo liderado por un doctor con m\u00e1s de 40 a\u00f1os de experiencia donde te acompa\u00f1amos para mejorar tu calidad de vida y tu salud desde el cambio de h\u00e1bitos, la nutrici\u00f3n y el metabolismo.<\/p>\n\n\n\n<p class=\"has-ast-global-color-5-color has-text-color has-link-color wp-elements-f3a99002ac8834a9e7e8152ed43e18a4\">Puedes mejorar tu bienestar, tu rendimiento deportivo y tambi\u00e9n problemas que arrastres desde hace tiempo pero no mejoran: piel, intestino, digesti\u00f3n, circulaci\u00f3n, dolores articulares y musculares, inflamaci\u00f3n, exceso de peso, cansancio. insomnio&#8230;<\/p>\n\n\n\n<p class=\"has-ast-global-color-5-color has-text-color has-link-color wp-elements-ac996cf76aaaa15612b3ea7044761cdc\">Y si lo que necesitas son unos ingresos extra, puedo mostrarte una bonita y saludable forma de conseguirlos.<\/p>\n\n\n\n<div class=\"wp-block-buttons is-layout-flex wp-block-buttons-is-layout-flex\">\n<div class=\"wp-block-button\"><a class=\"wp-block-button__link wp-element-button\" href=\"https:\/\/aloeamigo.com\/index.php\/sobre-mi\/\" target=\"_blank\" rel=\"noreferrer noopener\">Mi historia<\/a><\/div>\n\n\n\n<div class=\"wp-block-button\"><a class=\"wp-block-button__link wp-element-button\" href=\"https:\/\/www.instagram.com\/s\/aGlnaGxpZ2h0OjE3OTc4MTU2NTA0Njk2Nzg3?story_media_id=3612928715902714865_69442056578&amp;igsh=Z3V0NG9tNnUzZXV2\" target=\"_blank\" rel=\"noreferrer noopener\">Testimonios<\/a><\/div>\n\n\n\n<div class=\"wp-block-button\"><a class=\"wp-block-button__link wp-element-button\" href=\"https:\/\/aloeamigo.com\/index.php\/salud-y-bienestar\/\" target=\"_blank\" rel=\"noreferrer noopener\">Tienda y servicios<\/a><\/div>\n\n\n\n<div class=\"wp-block-button\"><a class=\"wp-block-button__link wp-element-button\" href=\"https:\/\/aloeamigo.com\/index.php\/negocio\/\" target=\"_blank\" rel=\"noreferrer noopener\">Ingresos extra<\/a><\/div>\n<\/div>\n<\/div><figure class=\"wp-block-media-text__media\"><img loading=\"lazy\" decoding=\"async\" width=\"1024\" height=\"1024\" src=\"https:\/\/aloeamigo.com\/wp-content\/uploads\/2025\/05\/c9_y_antonio.jpeg\" alt=\"\" class=\"wp-image-65 size-full\" srcset=\"https:\/\/aloeamigo.com\/wp-content\/uploads\/2025\/05\/c9_y_antonio.jpeg 1024w, https:\/\/aloeamigo.com\/wp-content\/uploads\/2025\/05\/c9_y_antonio-300x300.jpeg 300w, https:\/\/aloeamigo.com\/wp-content\/uploads\/2025\/05\/c9_y_antonio-150x150.jpeg 150w, https:\/\/aloeamigo.com\/wp-content\/uploads\/2025\/05\/c9_y_antonio-768x768.jpeg 768w\" sizes=\"auto, (max-width: 1024px) 100vw, 1024px\" \/><\/figure><\/div>\n<\/div>\n<\/div><\/div>\n\n\n\n<div class=\"wp-block-group alignfull has-ast-global-color-5-background-color has-background is-layout-constrained wp-container-core-group-is-layout-9cedb757 wp-block-group-is-layout-constrained\" style=\"padding-bottom:0px\">\n<div class=\"wp-block-columns are-vertically-aligned-top is-layout-flex wp-container-core-columns-is-layout-00723822 wp-block-columns-is-layout-flex\">\n<div class=\"wp-block-column is-vertically-aligned-top is-layout-flow wp-container-core-column-is-layout-6b73ce23 wp-block-column-is-layout-flow\">\n<figure class=\"wp-block-image size-full is-resized\"><img loading=\"lazy\" decoding=\"async\" width=\"626\" height=\"635\" src=\"https:\/\/aloeamigo.com\/wp-content\/uploads\/2025\/05\/emoticono_smiley_vector-1.png\" alt=\"\" class=\"wp-image-67\" style=\"object-fit:cover;width:47px;height:47px\" srcset=\"https:\/\/aloeamigo.com\/wp-content\/uploads\/2025\/05\/emoticono_smiley_vector-1.png 626w, https:\/\/aloeamigo.com\/wp-content\/uploads\/2025\/05\/emoticono_smiley_vector-1-296x300.png 296w\" sizes=\"auto, (max-width: 626px) 100vw, 626px\" \/><\/figure>\n\n\n\n<h3 class=\"wp-block-heading has-text-align-left\" style=\"margin-top:16px\">Salud <\/h3>\n\n\n\n<p class=\"has-text-align-left\">\u00bfC\u00f3mo te ves en 10 a\u00f1os?<\/p>\n\n\n\n<p class=\"has-text-align-left\">Cada a\u00f1o que pasa \u00bfest\u00e1s mejor o peor?<\/p>\n\n\n\n<p class=\"has-text-align-left\"> Debes saber que es posible reducir el dolor corporal y mejorar tu salud en general para que dentro de 10 a\u00f1os tu vida sea mejor que ahora.<\/p>\n\n\n\n<p class=\"has-text-align-left\">Si t\u00fa no haces nada por ti, nadie m\u00e1s lo va a hacer.<\/p>\n\n\n\n<p class=\"has-text-align-left\"><strong><a href=\"https:\/\/aloeamigo.com\/index.php\/salud-y-bienestar\/\" data-type=\"link\" data-id=\"https:\/\/aloeamigo.com\/index.php\/salud-y-bienestar\/\" target=\"_blank\" rel=\"noreferrer noopener\">\u00a1Preg\u00fantame!<\/a><\/strong><\/p>\n<\/div>\n\n\n\n<div class=\"wp-block-column is-vertically-aligned-top is-layout-flow wp-container-core-column-is-layout-6b73ce23 wp-block-column-is-layout-flow\">\n<figure class=\"wp-block-image size-full is-resized\"><img loading=\"lazy\" decoding=\"async\" width=\"724\" height=\"733\" src=\"https:\/\/aloeamigo.com\/wp-content\/uploads\/2025\/05\/cuerpos_esbeltos_vector-1.png\" alt=\"\" class=\"wp-image-68\" style=\"object-fit:cover;width:47px;height:47px\" srcset=\"https:\/\/aloeamigo.com\/wp-content\/uploads\/2025\/05\/cuerpos_esbeltos_vector-1.png 724w, https:\/\/aloeamigo.com\/wp-content\/uploads\/2025\/05\/cuerpos_esbeltos_vector-1-296x300.png 296w\" sizes=\"auto, (max-width: 724px) 100vw, 724px\" \/><\/figure>\n\n\n\n<h3 class=\"wp-block-heading has-text-align-left\" style=\"margin-top:16px\">Peso y volumen<\/h3>\n\n\n\n<p class=\"has-text-align-left\">\u00bfTe ha pasado que al perder peso has perdido masa muscular?<\/p>\n\n\n\n<p class=\"has-text-align-left\">\u00bfHas hecho un d\u00e9tox y has tenido dolores de cabeza, abdominales y alg\u00fan otro malestar?<\/p>\n\n\n\n<p class=\"has-text-align-left\">Programas mensuales para perder peso y volumen de forma sencilla, nutricionalmente equilibrada, segura y sin malestares.<\/p>\n\n\n\n<p class=\"has-text-align-left\"><strong><a href=\"https:\/\/aloeamigo.com\/index.php\/salud-y-bienestar\/\" data-type=\"link\" data-id=\"https:\/\/aloeamigo.com\/index.php\/salud-y-bienestar\/\" target=\"_blank\" rel=\"noreferrer noopener\">\u00a1Preg\u00fantame!<\/a><\/strong><\/p>\n<\/div>\n\n\n\n<div class=\"wp-block-column is-vertically-aligned-top is-layout-flow wp-container-core-column-is-layout-6b73ce23 wp-block-column-is-layout-flow\">\n<figure class=\"wp-block-image size-full is-resized\"><img loading=\"lazy\" decoding=\"async\" width=\"640\" height=\"461\" src=\"https:\/\/aloeamigo.com\/wp-content\/uploads\/2025\/05\/saltando-1.png\" alt=\"\" class=\"wp-image-69\" style=\"object-fit:cover;width:69px;height:47px\" srcset=\"https:\/\/aloeamigo.com\/wp-content\/uploads\/2025\/05\/saltando-1.png 640w, https:\/\/aloeamigo.com\/wp-content\/uploads\/2025\/05\/saltando-1-300x216.png 300w\" sizes=\"auto, (max-width: 640px) 100vw, 640px\" \/><\/figure>\n\n\n\n<h3 class=\"wp-block-heading has-text-align-left\" style=\"margin-top:16px\">Vitalidad y energ\u00eda<\/h3>\n\n\n\n<p class=\"has-text-align-left\">Si te levantas siempre con cansancio, si el lunes a primera hora ya est\u00e1s pensando en el domingo, si todo te parece una carga&#8230;<\/p>\n\n\n\n<p class=\"has-text-align-left\">Esa falta de energ\u00eda es un aviso que te est\u00e1 dando tu cuerpo de que hay algo que no est\u00e1 bien. <\/p>\n\n\n\n<p class=\"has-text-align-left\">Esc\u00fachale. Puedes recuperar la vitalidad.<\/p>\n\n\n\n<p class=\"has-text-align-left\"><strong><a href=\"https:\/\/aloeamigo.com\/index.php\/salud-y-bienestar\/\" data-type=\"page\" data-id=\"88\" target=\"_blank\" rel=\"noreferrer noopener\">\u00a1Preg\u00fantame!<\/a><\/strong><\/p>\n<\/div>\n\n\n\n<div class=\"wp-block-column is-vertically-aligned-top is-layout-flow wp-container-core-column-is-layout-6b73ce23 wp-block-column-is-layout-flow\">\n<figure class=\"wp-block-image size-full is-resized\"><img loading=\"lazy\" decoding=\"async\" width=\"640\" height=\"568\" src=\"https:\/\/aloeamigo.com\/wp-content\/uploads\/2025\/05\/bicycle-2024675_640.png\" alt=\"\" class=\"wp-image-66\" style=\"object-fit:cover;width:56px;height:47px\" srcset=\"https:\/\/aloeamigo.com\/wp-content\/uploads\/2025\/05\/bicycle-2024675_640.png 640w, https:\/\/aloeamigo.com\/wp-content\/uploads\/2025\/05\/bicycle-2024675_640-300x266.png 300w\" sizes=\"auto, (max-width: 640px) 100vw, 640px\" \/><\/figure>\n\n\n\n<h3 class=\"wp-block-heading has-text-align-left\" style=\"margin-top:16px\">Deporte<\/h3>\n\n\n\n<p class=\"has-text-align-left\">Mejora tu rendimiento con nutrac\u00e9uticos de calidad, como la L-Arginina, el \u00e1cido hialur\u00f3nico o la coenzima Q10.<\/p>\n\n\n\n<p>Para superar oposiciones (bomberos, polic\u00eda, ej\u00e9rcito), entrenamiento personal, pruebas y competici\u00f3n.<\/p>\n\n\n\n<p class=\"has-text-align-left\">Productos naturales, no dopantes (K\u00f6lner List).<\/p>\n\n\n\n<p class=\"has-text-align-left\"><strong><a href=\"https:\/\/aloeamigo.com\/index.php\/salud-y-bienestar\/\" data-type=\"link\" data-id=\"https:\/\/aloeamigo.com\/index.php\/salud-y-bienestar\/\" target=\"_blank\" rel=\"noreferrer noopener\">\u00a1Preg\u00fantame!<\/a><\/strong><\/p>\n<\/div>\n<\/div>\n<\/div>\n\n\n\n<div class=\"wp-block-group alignfull is-layout-constrained wp-container-core-group-is-layout-45b0ac4f wp-block-group-is-layout-constrained\" id=\"services\" style=\"padding-top:144px;padding-bottom:0px\">\n<h2 class=\"wp-block-heading\">Servicios<\/h2>\n\n\n\n<div class=\"wp-block-columns is-layout-flex wp-container-core-columns-is-layout-60cbf9bb wp-block-columns-is-layout-flex\" style=\"margin-top:50px\">\n<div class=\"wp-block-column is-layout-flow wp-container-core-column-is-layout-6b73ce23 wp-block-column-is-layout-flow\">\n<figure class=\"wp-block-image size-full\"><img loading=\"lazy\" decoding=\"async\" width=\"640\" height=\"427\" src=\"https:\/\/aloeamigo.com\/wp-content\/uploads\/2025\/05\/office-594132_640.jpg\" alt=\"\" class=\"wp-image-71\" srcset=\"https:\/\/aloeamigo.com\/wp-content\/uploads\/2025\/05\/office-594132_640.jpg 640w, https:\/\/aloeamigo.com\/wp-content\/uploads\/2025\/05\/office-594132_640-300x200.jpg 300w\" sizes=\"auto, (max-width: 640px) 100vw, 640px\" \/><\/figure>\n\n\n\n<h3 class=\"wp-block-heading\" style=\"margin-top:16px\">Propuestas personalizadas<\/h3>\n\n\n\n<p>Cada persona es distinta y no todo es para todos.<\/p>\n\n\n\n<p>Escucho lo que quieres, lo que necesitas y te ayudo a conseguirlo.<\/p>\n\n\n\n<p>Porque t\u00fa no eres s\u00f3lo un n\u00famero en una sala de espera.<\/p>\n\n\n\n<p><strong><a href=\"https:\/\/aloeamigo.com\/index.php\/salud-y-bienestar\/\" data-type=\"page\" data-id=\"88\" target=\"_blank\" rel=\"noreferrer noopener\">P\u00eddeme informaci\u00f3n<\/a><\/strong> y te har\u00e9 unas propuestas personalizadas adaptadas a ti.<\/p>\n<\/div>\n\n\n\n<div class=\"wp-block-column is-layout-flow wp-container-core-column-is-layout-6b73ce23 wp-block-column-is-layout-flow\">\n<figure class=\"wp-block-image size-full\"><img loading=\"lazy\" decoding=\"async\" width=\"523\" height=\"347\" src=\"https:\/\/aloeamigo.com\/wp-content\/uploads\/2025\/05\/handshake-4002834_640-1.jpg\" alt=\"\" class=\"wp-image-73\" srcset=\"https:\/\/aloeamigo.com\/wp-content\/uploads\/2025\/05\/handshake-4002834_640-1.jpg 523w, https:\/\/aloeamigo.com\/wp-content\/uploads\/2025\/05\/handshake-4002834_640-1-300x199.jpg 300w\" sizes=\"auto, (max-width: 523px) 100vw, 523px\" \/><\/figure>\n\n\n\n<h3 class=\"wp-block-heading\" style=\"margin-top:16px\">Acompa\u00f1amiento<\/h3>\n\n\n\n<p>El camino de la salud se hace mejor con compa\u00f1\u00eda. <strong><a href=\"https:\/\/aloeamigo.com\/index.php\/salud-y-bienestar\/\" target=\"_blank\" rel=\"noreferrer noopener\">Preg\u00fantame<\/a><\/strong>.<\/p>\n\n\n\n<p>S\u00f3lo t\u00fa puedes recorrer tu camino pero cuando lo haces con un gu\u00eda experto a tu lado podr\u00e1s entender el camino y te ser\u00e1 m\u00e1s f\u00e1cil conseguir tus metas.<\/p>\n\n\n\n<p>Si ya has dado demasiadas vueltas sin resultados, es hora de plantearte algo distinto.<\/p>\n<\/div>\n\n\n\n<div class=\"wp-block-column is-layout-flow wp-container-core-column-is-layout-6b73ce23 wp-block-column-is-layout-flow\">\n<figure class=\"wp-block-image size-full\"><img loading=\"lazy\" decoding=\"async\" width=\"674\" height=\"450\" src=\"https:\/\/aloeamigo.com\/wp-content\/uploads\/2025\/05\/to_eagle.jpg\" alt=\"\" class=\"wp-image-78\" srcset=\"https:\/\/aloeamigo.com\/wp-content\/uploads\/2025\/05\/to_eagle.jpg 674w, https:\/\/aloeamigo.com\/wp-content\/uploads\/2025\/05\/to_eagle-300x200.jpg 300w\" sizes=\"auto, (max-width: 674px) 100vw, 674px\" \/><\/figure>\n\n\n\n<h3 class=\"wp-block-heading\" style=\"margin-top:16px\">Libertad financiera<\/h3>\n\n\n\n<p>Puedes generar unos ingresos extra e incluso llegar a vivir de ello.<\/p>\n\n\n\n<p>\u00bfQu\u00e9 te parece conseguir tu libertad de una forma saludable y \u00e9tica?<\/p>\n\n\n\n<p>Inversi\u00f3n m\u00ednima, formaci\u00f3n y apoyo. Nunca pierdes, siempre ganas.<\/p>\n\n\n\n<p><strong><a href=\"https:\/\/aloeamigo.com\/index.php\/negocio\/\" data-type=\"page\" data-id=\"84\" target=\"_blank\" rel=\"noreferrer noopener\">Cont\u00e1ctame<\/a><\/strong> si quieres explorar esta posibilidad y hablemos.<\/p>\n<\/div>\n<\/div>\n<\/div>\n\n\n\n<div class=\"wp-block-group alignfull has-ast-global-color-5-background-color has-background is-layout-constrained wp-container-core-group-is-layout-94d206d0 wp-block-group-is-layout-constrained\" id=\"about\" style=\"padding-top:143px;padding-bottom:144px\">\n<div class=\"wp-block-media-text has-media-on-the-right is-stacked-on-mobile is-vertically-aligned-center\"><div class=\"wp-block-media-text__content\">\n<div class=\"inherit-container-width wp-block-group is-layout-constrained wp-container-core-group-is-layout-47ce07ec wp-block-group-is-layout-constrained\" style=\"padding-right:80px\">\n<h2 class=\"wp-block-heading\" style=\"padding-right:40px\">Aloe Amigo<\/h2>\n\n\n\n<p>Si has le\u00eddo <strong><a href=\"https:\/\/aloeamigo.com\/index.php\/sobre-mi\/\" data-type=\"page\" data-id=\"80\" target=\"_blank\" rel=\"noreferrer noopener\">\u00abMi historia personal\u00bb<\/a><\/strong> ya sabes por qu\u00e9 el Aloe es mi Amigo. Es un amigo en quien puedes confiar.<\/p>\n\n\n\n<p>Aloe Amigo nace con el prop\u00f3sito de ayudar a mejorar la vida de las personas desde 2 aspectos:<\/p>\n\n\n\n<ul class=\"wp-block-list\">\n<li><strong><a href=\"https:\/\/aloeamigo.com\/index.php\/salud-y-bienestar\/\" target=\"_blank\" rel=\"noreferrer noopener\">La salud y el bienestar personal<\/a><\/strong>, a trav\u00e9s de una atenci\u00f3n personalizada y el mejor producto. Tambi\u00e9n v\u00e1lido para tus mascotas.<\/li>\n\n\n\n<li><strong><a href=\"https:\/\/aloeamigo.com\/index.php\/negocio\/\" target=\"_blank\" rel=\"noreferrer noopener\">La salud econ\u00f3mica<\/a><\/strong>, una oportunidad de crear un futuro pr\u00f3spero y lleno de oportunidades, con formaci\u00f3n y apoyo.<\/li>\n<\/ul>\n<\/div>\n<\/div><figure class=\"wp-block-media-text__media\"><img loading=\"lazy\" decoding=\"async\" width=\"856\" height=\"812\" src=\"https:\/\/aloeamigo.com\/wp-content\/uploads\/2025\/05\/logo_aloe_amigo_campo_aloe.jpg\" alt=\"\" class=\"wp-image-172 size-full\" srcset=\"https:\/\/aloeamigo.com\/wp-content\/uploads\/2025\/05\/logo_aloe_amigo_campo_aloe.jpg 856w, https:\/\/aloeamigo.com\/wp-content\/uploads\/2025\/05\/logo_aloe_amigo_campo_aloe-300x285.jpg 300w, https:\/\/aloeamigo.com\/wp-content\/uploads\/2025\/05\/logo_aloe_amigo_campo_aloe-768x729.jpg 768w\" sizes=\"auto, (max-width: 856px) 100vw, 856px\" \/><\/figure><\/div>\n<\/div>\n\n\n\n<div class=\"wp-block-group alignfull has-ast-global-color-4-background-color has-background is-layout-constrained wp-container-core-group-is-layout-6a2cfb7b wp-block-group-is-layout-constrained\" id=\"reviews\">\n<figure class=\"wp-block-image aligncenter size-thumbnail\"><img loading=\"lazy\" decoding=\"async\" width=\"150\" height=\"150\" src=\"https:\/\/aloeamigo.com\/wp-content\/uploads\/2025\/05\/antonio_y_productos_forever-150x150.jpeg\" alt=\"\" class=\"wp-image-75\" style=\"aspect-ratio:1;object-fit:cover\"\/><\/figure>\n\n\n\n<p class=\"has-text-align-center\" style=\"font-size:22px;line-height:1.6\">\u201cCuando todo funciona bien, la vida puede ser maravillosa. Sentirte bien, con energ\u00eda, con alegr\u00eda, con ganas de vivir y disfrutar\u2026 Cuando algo empieza a fallar, puede ser una aut\u00e9ntica tortura. Si el coche falla, se cambia. Con tu cuerpo no puedes hacerlo.<\/p>\n\n\n\n<p class=\"has-text-align-center\" style=\"font-size:22px;line-height:1.6\"><strong>Lo natural es estar sano<\/strong>, poder vivir una vida plena y envejecer con dignidad y buena salud f\u00edsica, mental, emocional y un buen metabolismo.\u201d<\/p>\n\n\n\n<p class=\"has-text-align-center\"><strong>Antonio J. Ram\u00f3n Rey<\/strong><\/p>\n<\/div>\n\n\n\n<div class=\"wp-block-group alignfull is-layout-constrained wp-container-core-group-is-layout-3fee123f wp-block-group-is-layout-constrained\" id=\"whyus\" style=\"padding-top:144px;padding-bottom:144px\">\n<h2 class=\"wp-block-heading\">Por qu\u00e9 elegirme<\/h2>\n\n\n\n<div class=\"wp-block-columns is-layout-flex wp-container-core-columns-is-layout-29aadeec wp-block-columns-is-layout-flex\" style=\"margin-top:60px\">\n<div class=\"wp-block-column is-layout-flow wp-container-core-column-is-layout-6b73ce23 wp-block-column-is-layout-flow\">\n<figure class=\"wp-block-image size-large\"><img decoding=\"async\" src=\"https:\/\/aloeamigo.com\/wp-content\/themes\/astra\/inc\/assets\/images\/starter-content\/passionate.svg\" alt=\"\" class=\"wp-image-162\"\/><\/figure>\n\n\n\n<h3 class=\"wp-block-heading\" style=\"margin-top:16px\">Amor<\/h3>\n\n\n\n<p>Fui educado en que hay que hacer las cosas con Amor pero he de reconocer que nunca lo entend\u00ed bien. Con el tiempo aprend\u00ed a amarme a m\u00ed mismo. Ahora hago las cosas con Amor de verdad.<\/p>\n<\/div>\n\n\n\n<div class=\"wp-block-column is-layout-flow wp-container-core-column-is-layout-6b73ce23 wp-block-column-is-layout-flow\">\n<figure class=\"wp-block-image size-large\"><img decoding=\"async\" src=\"https:\/\/aloeamigo.com\/wp-content\/themes\/astra\/inc\/assets\/images\/starter-content\/professional.svg\" alt=\"\" class=\"wp-image-163\"\/><\/figure>\n\n\n\n<h3 class=\"wp-block-heading\" style=\"margin-top:16px\">Compromiso<\/h3>\n\n\n\n<p>Te ofrezco mi compromiso para ayudarte a conseguir lo que quieres. A cambio te pido una cosa muy importante: que te comprometas contigo y con tus objetivos. Sin tu compromiso es dif\u00edcil cambiar nada.<\/p>\n<\/div>\n\n\n\n<div class=\"wp-block-column is-layout-flow wp-container-core-column-is-layout-6b73ce23 wp-block-column-is-layout-flow\">\n<figure class=\"wp-block-image size-large\"><img decoding=\"async\" src=\"https:\/\/aloeamigo.com\/wp-content\/themes\/astra\/inc\/assets\/images\/starter-content\/support.svg\" alt=\"\" class=\"wp-image-164\"\/><\/figure>\n\n\n\n<h3 class=\"wp-block-heading\" style=\"margin-top:16px\">Honestidad<\/h3>\n\n\n\n<p>A nadie le gusta que le enga\u00f1en. T\u00fa me dices lo que quieres, lo estudio y te ofrezco varias opciones para ayudarte a conseguirlo. As\u00ed tu eliges la que m\u00e1s se adapte a ti, no la que mejor me venga a m\u00ed.<\/p>\n<\/div>\n<\/div>\n<\/div>\n\n\n\n<div class=\"wp-block-group alignfull has-background is-layout-constrained wp-container-core-group-is-layout-cfcca693 wp-block-group-is-layout-constrained\" id=\"contact\" style=\"background:linear-gradient(35deg,rgb(6,0,151) 0%,rgb(130,4,255) 64%,rgb(193,15,255) 98%);padding-top:104px;padding-bottom:104px\">\n<h2 class=\"wp-block-heading has-text-align-center has-text-color\" style=\"color:#ffffff\">Contacta conmigo<\/h2>\n\n\n\n<div class=\"wp-block-buttons alignwide is-horizontal is-content-justification-center is-layout-flex wp-container-core-buttons-is-layout-bba8380a wp-block-buttons-is-layout-flex\" style=\"margin-top:50px\">\n<div class=\"wp-block-button\"><a class=\"wp-block-button__link wp-element-button\" href=\"https:\/\/aloeamigo.com\/index.php\/salud-y-bienestar\/\" target=\"_blank\" rel=\"noreferrer noopener\">Quiero sentirme mejor<\/a><\/div>\n\n\n\n<div class=\"wp-block-button\"><a class=\"wp-block-button__link wp-element-button\" href=\"https:\/\/aloeamigo.com\/index.php\/negocio\/\" target=\"_blank\" rel=\"noreferrer noopener\">Quiero un dinero extra<\/a><\/div>\n<\/div>\n<\/div>\n\n\n\n<p><\/p>\n","protected":false},"excerpt":{"rendered":"<p>Salud \u00bfC\u00f3mo te ves en 10 a\u00f1os? Cada a\u00f1o que pasa \u00bfest\u00e1s mejor o peor? Debes saber que es posible [&hellip;]<\/p>\n","protected":false},"author":1,"featured_media":0,"parent":0,"menu_order":0,"comment_status":"closed","ping_status":"closed","template":"","meta":{"_uag_custom_page_level_css":"","site-sidebar-layout":"no-sidebar","site-content-layout":"plain-container","ast-site-content-layout":"default","site-content-style":"default","site-sidebar-style":"default","ast-global-header-display":"","ast-banner-title-visibility":"","ast-main-header-display":"","ast-hfb-above-header-display":"","ast-hfb-below-header-display":"","ast-hfb-mobile-header-display":"","site-post-title":"disabled","ast-breadcrumbs-content":"","ast-featured-img":"","footer-sml-layout":"","theme-transparent-header-meta":"enabled","adv-header-id-meta":"","stick-header-meta":"","header-above-stick-meta":"","header-main-stick-meta":"","header-below-stick-meta":"","astra-migrate-meta-layouts":"default","ast-page-background-enabled":"default","ast-page-background-meta":{"desktop":{"background-color":"var(--ast-global-color-5)","background-image":"","background-repeat":"repeat","background-position":"center center","background-size":"auto","background-attachment":"scroll","background-type":"","background-media":"","overlay-type":"","overlay-color":"","overlay-opacity":"","overlay-gradient":""},"tablet":{"background-color":"","background-image":"","background-repeat":"repeat","background-position":"center center","background-size":"auto","background-attachment":"scroll","background-type":"","background-media":"","overlay-type":"","overlay-color":"","overlay-opacity":"","overlay-gradient":""},"mobile":{"background-color":"","background-image":"","background-repeat":"repeat","background-position":"center center","background-size":"auto","background-attachment":"scroll","background-type":"","background-media":"","overlay-type":"","overlay-color":"","overlay-opacity":"","overlay-gradient":""}},"ast-content-background-meta":{"desktop":{"background-color":"var(--ast-global-color-4)","background-image":"","background-repeat":"repeat","background-position":"center center","background-size":"auto","background-attachment":"scroll","background-type":"","background-media":"","overlay-type":"","overlay-color":"","overlay-opacity":"","overlay-gradient":""},"tablet":{"background-color":"var(--ast-global-color-4)","background-image":"","background-repeat":"repeat","background-position":"center center","background-size":"auto","background-attachment":"scroll","background-type":"","background-media":"","overlay-type":"","overlay-color":"","overlay-opacity":"","overlay-gradient":""},"mobile":{"background-color":"var(--ast-global-color-4)","background-image":"","background-repeat":"repeat","background-position":"center center","background-size":"auto","background-attachment":"scroll","background-type":"","background-media":"","overlay-type":"","overlay-color":"","overlay-opacity":"","overlay-gradient":""}},"footnotes":""},"class_list":["post-10","page","type-page","status-publish","hentry"],"uagb_featured_image_src":{"full":false,"thumbnail":false,"medium":false,"medium_large":false,"large":false,"1536x1536":false,"2048x2048":false},"uagb_author_info":{"display_name":"admin","author_link":"https:\/\/aloeamigo.com\/index.php\/author\/admin\/"},"uagb_comment_info":0,"uagb_excerpt":"Salud \u00bfC\u00f3mo te ves en 10 a\u00f1os? Cada a\u00f1o que pasa \u00bfest\u00e1s mejor o peor? Debes saber que es posible [&hellip;]","_links":{"self":[{"href":"https:\/\/aloeamigo.com\/index.php\/wp-json\/wp\/v2\/pages\/10","targetHints":{"allow":["GET"]}}],"collection":[{"href":"https:\/\/aloeamigo.com\/index.php\/wp-json\/wp\/v2\/pages"}],"about":[{"href":"https:\/\/aloeamigo.com\/index.php\/wp-json\/wp\/v2\/types\/page"}],"author":[{"embeddable":true,"href":"https:\/\/aloeamigo.com\/index.php\/wp-json\/wp\/v2\/users\/1"}],"replies":[{"embeddable":true,"href":"https:\/\/aloeamigo.com\/index.php\/wp-json\/wp\/v2\/comments?post=10"}],"version-history":[{"count":55,"href":"https:\/\/aloeamigo.com\/index.php\/wp-json\/wp\/v2\/pages\/10\/revisions"}],"predecessor-version":[{"id":290,"href":"https:\/\/aloeamigo.com\/index.php\/wp-json\/wp\/v2\/pages\/10\/revisions\/290"}],"wp:attachment":[{"href":"https:\/\/aloeamigo.com\/index.php\/wp-json\/wp\/v2\/media?parent=10"}],"curies":[{"name":"wp","href":"https:\/\/api.w.org\/{rel}","templated":true}]}}